{"id":1399,"date":"2023-01-02T11:57:25","date_gmt":"2023-01-02T11:57:25","guid":{"rendered":"https:\/\/solucionesfv.com\/index.php\/about-us\/"},"modified":"2023-10-06T19:56:26","modified_gmt":"2023-10-06T17:56:26","slug":"about-us","status":"publish","type":"page","link":"https:\/\/solucionesfv.com\/index.php\/about-us\/","title":{"rendered":"ACERCA DE NOSOTROS"},"content":{"rendered":"\n<div class=\"wp-block-uagb-container uagb-block-15265ce8 alignfull uagb-is-root-container\"><div class=\"uagb-container-inner-blocks-wrap\">\n<div class=\"wp-block-uagb-advanced-heading uagb-block-2983a8e8\"><h1 class=\"uagb-heading-text\">Acerca de nosotros<\/h1><\/div>\n<\/div><\/div>\n\n\n\n<div class=\"wp-block-uagb-container uagb-block-40bc0ef5 alignfull uagb-is-root-container\"><div class=\"uagb-container-inner-blocks-wrap\">\n<div class=\"wp-block-uagb-container uagb-block-10581099\">\n<div class=\"wp-block-uagb-advanced-heading uagb-block-c5646d00\"><h2 class=\"uagb-heading-text\">Nosotros<\/h2><p class=\"uagb-desc-text\">&#8220;Somos una empresa l\u00edder en obras el\u00e9ctricas y sistemas solares con una s\u00f3lida trayectoria en la industria. Nuestro compromiso es proporcionar soluciones el\u00e9ctricas innovadoras y sistemas solares eficientes que ayuden a nuestros clientes a reducir costos y abrazar la sostenibilidad. Con experiencia y dedicaci\u00f3n, estamos listos para electrificar tu futuro y llevar la energ\u00eda solar a tu vida cotidiana. Conf\u00eda en nosotros para un mundo m\u00e1s brillante y ecol\u00f3gico.&#8221;<\/p><\/div>\n\n\n\n<div class=\"wp-block-uagb-container uagb-block-3a1ebd59 alignfull uagb-is-root-container\"><div class=\"uagb-container-inner-blocks-wrap\">\n<div class=\"wp-block-uagb-container uagb-block-d1b32316\">\n<div class=\"wp-block-uagb-advanced-heading uagb-block-50d7b2ab\"><h3 class=\"uagb-heading-text\">Premios<\/h3><\/div>\n\n\n\t\t\t\t\t<div\n\t\t\t\t\t\tclass=\"wp-block-uagb-image-gallery uagb-block-04138efe     \"\n\t\t\t\t\t\tstyle=\"\"\n\t\t\t\t\t>\n\t\t\t\t\t\t\t\t\t\t\t<div class=\"spectra-image-gallery spectra-image-gallery__layout--grid spectra-image-gallery__layout--grid-col-3 spectra-image-gallery__layout--grid-col-tab-3 spectra-image-gallery__layout--grid-col-mob-3\">\n\t\t\t\t\t\t\t\t\t\t\t<div class='spectra-image-gallery__media-wrapper' data-spectra-gallery-image-id='206'>\n\t\t\t\t\t\t\t<div class=\"spectra-image-gallery__media spectra-image-gallery__media--grid\">\n\t\t\t\t<picture>\n\t\t\t\t\t<source media=\"(min-width: 1024px)\" srcset=\"https:\/\/solucionesfv.com\/wp-content\/uploads\/2017\/08\/2016-award-free-img.png\">\n\t\t\t\t\t<source media=\"(min-width: 768px)\" srcset=\"https:\/\/solucionesfv.com\/wp-content\/uploads\/2017\/08\/2016-award-free-img.png\">\n\t\t\t\t\t<img decoding=\"async\" class=\"spectra-image-gallery__media-thumbnail spectra-image-gallery__media-thumbnail--grid\" src=\"https:\/\/solucionesfv.com\/wp-content\/uploads\/2017\/08\/2016-award-free-img.png\" alt=\"Award\" loading=\"lazy\" \/>\n\t\t\t\t<\/picture>\n\t\t\t\t<div class=\"spectra-image-gallery__media-thumbnail-blurrer\"><\/div>\n\t\t\t\t\t\t\t\t\t\t\t<div class=\"spectra-image-gallery__media-thumbnail-caption-wrapper spectra-image-gallery__media-thumbnail-caption-wrapper--overlay\"><\/div>\n\t\t\t\t\t\t\t\t<\/div>\n\t\t\t\t\t\t<\/div>\n\t\t\t\t\t\t<div class='spectra-image-gallery__media-wrapper' data-spectra-gallery-image-id='204'>\n\t\t\t\t\t\t\t<div class=\"spectra-image-gallery__media spectra-image-gallery__media--grid\">\n\t\t\t\t<picture>\n\t\t\t\t\t<source media=\"(min-width: 1024px)\" srcset=\"https:\/\/solucionesfv.com\/wp-content\/uploads\/2017\/08\/2015-award-free-img.png\">\n\t\t\t\t\t<source media=\"(min-width: 768px)\" srcset=\"https:\/\/solucionesfv.com\/wp-content\/uploads\/2017\/08\/2015-award-free-img.png\">\n\t\t\t\t\t<img decoding=\"async\" class=\"spectra-image-gallery__media-thumbnail spectra-image-gallery__media-thumbnail--grid\" src=\"https:\/\/solucionesfv.com\/wp-content\/uploads\/2017\/08\/2015-award-free-img.png\" alt=\"Award\" loading=\"lazy\" \/>\n\t\t\t\t<\/picture>\n\t\t\t\t<div class=\"spectra-image-gallery__media-thumbnail-blurrer\"><\/div>\n\t\t\t\t\t\t\t\t\t\t\t<div class=\"spectra-image-gallery__media-thumbnail-caption-wrapper spectra-image-gallery__media-thumbnail-caption-wrapper--overlay\"><\/div>\n\t\t\t\t\t\t\t\t<\/div>\n\t\t\t\t\t\t<\/div>\n\t\t\t\t\t\t<div class='spectra-image-gallery__media-wrapper' data-spectra-gallery-image-id='203'>\n\t\t\t\t\t\t\t<div class=\"spectra-image-gallery__media spectra-image-gallery__media--grid\">\n\t\t\t\t<picture>\n\t\t\t\t\t<source media=\"(min-width: 1024px)\" srcset=\"https:\/\/solucionesfv.com\/wp-content\/uploads\/2017\/08\/2014-award-free-img.png\">\n\t\t\t\t\t<source media=\"(min-width: 768px)\" srcset=\"https:\/\/solucionesfv.com\/wp-content\/uploads\/2017\/08\/2014-award-free-img.png\">\n\t\t\t\t\t<img decoding=\"async\" class=\"spectra-image-gallery__media-thumbnail spectra-image-gallery__media-thumbnail--grid\" src=\"https:\/\/solucionesfv.com\/wp-content\/uploads\/2017\/08\/2014-award-free-img.png\" alt=\"Award\" loading=\"lazy\" \/>\n\t\t\t\t<\/picture>\n\t\t\t\t<div class=\"spectra-image-gallery__media-thumbnail-blurrer\"><\/div>\n\t\t\t\t\t\t\t\t\t\t\t<div class=\"spectra-image-gallery__media-thumbnail-caption-wrapper spectra-image-gallery__media-thumbnail-caption-wrapper--overlay\"><\/div>\n\t\t\t\t\t\t\t\t<\/div>\n\t\t\t\t\t\t<\/div>\n\t\t\t\t\t\t\t\t\t\t<\/div>\n\t\t\t\t\t\t\t\t\t\t\t\t\t\t\t\t\t\t<\/div>\n\t\t\t\t\t\t\t\t\t<\/div>\n\n\n\n<div class=\"wp-block-uagb-container uagb-block-363c3bd9\">\n<div class=\"wp-block-uagb-tabs uagb-block-175d646a uagb-tabs__wrap uagb-tabs__hstyle1-desktop uagb-tabs__hstyle1-tablet uagb-tabs__stack2-mobile\" data-tab-active=\"0\"><ul class=\"uagb-tabs__panel uagb-tabs__align-left\" role=\"tablist\"><\/ul><div class=\"uagb-tabs__body-wrap\">\n<div class=\"wp-block-uagb-tabs-child uagb-tabs__body-container uagb-inner-tab-0\" aria-labelledby=\"uagb-tabs__tab0\">\n<p><strong>Misi\u00f3n de Soluciones Fotovoltaicas:<\/strong> Proporcionar soluciones energ\u00e9ticas sostenibles y el\u00e9ctricas de alta calidad que impulsen la adopci\u00f3n de la energ\u00eda solar y mejoren la eficiencia el\u00e9ctrica, contribuyendo as\u00ed a un mundo m\u00e1s limpio y sostenible.<\/p>\n\n\n\n<p><strong>Visi\u00f3n de Soluciones Fotovoltaicas:<\/strong> Ser l\u00edderes en la industria de la energ\u00eda solar y obras el\u00e9ctricas, ofreciendo tecnolog\u00eda de vanguardia y servicios excepcionales que transformen la forma en que se genera y utiliza la energ\u00eda.<\/p>\n<\/div>\n\n\n\n<div class=\"wp-block-uagb-tabs-child uagb-tabs__body-container uagb-inner-tab-1\" aria-labelledby=\"uagb-tabs__tab1\">\n<p>Lorem ipsum dolor sit amet, consectetur adipiscing elit. Ut elit tellus, luctus nec ullamcorper mattis, pulvinar dapibus leo.<\/p>\n<\/div>\n\n\n\n<div class=\"wp-block-uagb-tabs-child uagb-tabs__body-container uagb-inner-tab-2\" aria-labelledby=\"uagb-tabs__tab2\">\n<p>Lorem ipsum dolor sit amet, consectetur adipiscing elit. Ut elit tellus, luctus nec ullamcorper mattis, pulvinar dapibus leo.<\/p>\n<\/div>\n<\/div><\/div>\n<\/div>\n<\/div><\/div>\n<\/div>\n<\/div><\/div>\n\n\n\n<div class=\"wp-block-uagb-container uagb-block-98fc8585 alignfull uagb-is-root-container\"><div class=\"uagb-container-inner-blocks-wrap\">\n<div class=\"wp-block-uagb-call-to-action uagb-block-eb0b31ce wp-block-button\"><div class=\"uagb-cta__wrap\"><h2 class=\"uagb-cta__title\">\u00bfTienes dudas?<\/h2><p class=\"uagb-cta__desc\">Cont\u00e1ctanos<\/p><\/div><div class=\"uagb-cta__buttons\"><a href=\"#\" class=\"uagb-cta__button-link-wrapper wp-block-button__link\" target=\"_self\" rel=\"noopener noreferrer\">Contact Us<svg xmlns=\"https:\/\/www.w3.org\/2000\/svg\" viewBox=\"0 0 512 512\"><path d=\"M256 0C114.6 0 0 114.6 0 256c0 141.4 114.6 256 256 256s256-114.6 256-256C512 114.6 397.4 0 256 0zM358.6 278.6l-112 112c-12.5 12.5-32.75 12.5-45.25 0s-12.5-32.75 0-45.25L290.8 256L201.4 166.6c-12.5-12.5-12.5-32.75 0-45.25s32.75-12.5 45.25 0l112 112C364.9 239.6 368 247.8 368 256S364.9 272.4 358.6 278.6z\"><\/path><\/svg><\/a><\/div><\/div>\n<\/div><\/div>\n\n\n\n<div class=\"wp-block-uagb-container uagb-block-d0f88853 alignfull uagb-is-root-container\"><div class=\"uagb-container-inner-blocks-wrap\">\n<div class=\"wp-block-uagb-container uagb-block-18743f24\">\n<div class=\"wp-block-uagb-advanced-heading uagb-block-d5a02cec\"><h2 class=\"uagb-heading-text\">People Work With<\/h2><\/div>\n<\/div>\n<\/div><\/div>\n\n\n\n<div class=\"wp-block-uagb-container uagb-block-de73e7bd alignfull uagb-is-root-container\"><div class=\"uagb-container-inner-blocks-wrap\"><\/div><\/div>\n","protected":false},"excerpt":{"rendered":"<p>Acerca de nosotros Nosotros &#8220;Somos una empresa l\u00edder en obras el\u00e9ctricas y sistemas solares con una s\u00f3lida trayectoria en la industria. Nuestro compromiso es proporcionar soluciones el\u00e9ctricas innovadoras y sistemas solares eficientes que ayuden a nuestros clientes a reducir costos y abrazar la sostenibilidad. Con experiencia y dedicaci\u00f3n, estamos listos para electrificar tu futuro y &hellip;<\/p>\n<p class=\"read-more\"> <a class=\"\" href=\"https:\/\/solucionesfv.com\/index.php\/about-us\/\"> <span class=\"screen-reader-text\">ACERCA DE NOSOTROS<\/span> Read More &raquo;<\/a><\/p>\n","protected":false},"author":1,"featured_media":0,"parent":0,"menu_order":0,"comment_status":"closed","ping_status":"closed","template":"","meta":{"_uag_custom_page_level_css":"","site-sidebar-layout":"default","site-content-layout":"page-builder","ast-site-content-layout":"full-width-container","site-content-style":"unboxed","site-sidebar-style":"unboxed","ast-global-header-display":"","ast-banner-title-visibility":"","ast-main-header-display":"","ast-hfb-above-header-display":"","ast-hfb-below-header-display":"","ast-hfb-mobile-header-display":"","site-post-title":"disabled","ast-breadcrumbs-content":"","ast-featured-img":"","footer-sml-layout":"","theme-transparent-header-meta":"","adv-header-id-meta":"","stick-header-meta":"","header-above-stick-meta":"","header-main-stick-meta":"","header-below-stick-meta":"","astra-migrate-meta-layouts":"set","footnotes":""},"uagb_featured_image_src":{"full":false,"thumbnail":false,"medium":false,"medium_large":false,"large":false,"1536x1536":false,"2048x2048":false},"uagb_author_info":{"display_name":"SolucionesFV","author_link":"https:\/\/solucionesfv.com\/index.php\/author\/solucionesfv\/"},"uagb_comment_info":0,"uagb_excerpt":"Acerca de nosotros Nosotros &#8220;Somos una empresa l\u00edder en obras el\u00e9ctricas y sistemas solares con una s\u00f3lida trayectoria en la industria. Nuestro compromiso es proporcionar soluciones el\u00e9ctricas innovadoras y sistemas solares eficientes que ayuden a nuestros clientes a reducir costos y abrazar la sostenibilidad. Con experiencia y dedicaci\u00f3n, estamos listos para electrificar tu futuro y&hellip;","_links":{"self":[{"href":"https:\/\/solucionesfv.com\/index.php\/wp-json\/wp\/v2\/pages\/1399"}],"collection":[{"href":"https:\/\/solucionesfv.com\/index.php\/wp-json\/wp\/v2\/pages"}],"about":[{"href":"https:\/\/solucionesfv.com\/index.php\/wp-json\/wp\/v2\/types\/page"}],"author":[{"embeddable":true,"href":"https:\/\/solucionesfv.com\/index.php\/wp-json\/wp\/v2\/users\/1"}],"replies":[{"embeddable":true,"href":"https:\/\/solucionesfv.com\/index.php\/wp-json\/wp\/v2\/comments?post=1399"}],"version-history":[{"count":4,"href":"https:\/\/solucionesfv.com\/index.php\/wp-json\/wp\/v2\/pages\/1399\/revisions"}],"predecessor-version":[{"id":1613,"href":"https:\/\/solucionesfv.com\/index.php\/wp-json\/wp\/v2\/pages\/1399\/revisions\/1613"}],"wp:attachment":[{"href":"https:\/\/solucionesfv.com\/index.php\/wp-json\/wp\/v2\/media?parent=1399"}],"curies":[{"name":"wp","href":"https:\/\/api.w.org\/{rel}","templated":true}]}}